{"id":24,"date":"2026-01-07T14:34:32","date_gmt":"2026-01-07T14:34:32","guid":{"rendered":"https:\/\/manabhasha.in\/?page_id=24"},"modified":"2026-03-24T19:28:15","modified_gmt":"2026-03-24T13:58:15","slug":"mana-silpasala","status":"publish","type":"page","link":"https:\/\/manabhasha.in\/en\/mana-silpasala\/","title":{"rendered":"Mana \u015ailpa\u015b\u0101la"},"content":{"rendered":"","protected":false},"excerpt":{"rendered":"","protected":false},"author":1,"featured_media":0,"parent":0,"menu_order":0,"comment_status":"closed","ping_status":"closed","template":"","meta":{"footnotes":""},"class_list":["post-24","page","type-page","status-publish","hentry"],"_hostinger_reach_plugin_has_subscription_block":false,"_hostinger_reach_plugin_is_elementor":false,"_links":{"self":[{"href":"https:\/\/manabhasha.in\/en\/wp-json\/wp\/v2\/pages\/24","targetHints":{"allow":["GET"]}}],"collection":[{"href":"https:\/\/manabhasha.in\/en\/wp-json\/wp\/v2\/pages"}],"about":[{"href":"https:\/\/manabhasha.in\/en\/wp-json\/wp\/v2\/types\/page"}],"author":[{"embeddable":true,"href":"https:\/\/manabhasha.in\/en\/wp-json\/wp\/v2\/users\/1"}],"replies":[{"embeddable":true,"href":"https:\/\/manabhasha.in\/en\/wp-json\/wp\/v2\/comments?post=24"}],"version-history":[{"count":104,"href":"https:\/\/manabhasha.in\/en\/wp-json\/wp\/v2\/pages\/24\/revisions"}],"predecessor-version":[{"id":5534,"href":"https:\/\/manabhasha.in\/en\/wp-json\/wp\/v2\/pages\/24\/revisions\/5534"}],"wp:attachment":[{"href":"https:\/\/manabhasha.in\/en\/wp-json\/wp\/v2\/media?parent=24"}],"curies":[{"name":"wp","href":"https:\/\/api.w.org\/{rel}","templated":true}]}}